{"id":1970,"date":"2019-06-25T19:00:59","date_gmt":"2019-06-25T22:00:59","guid":{"rendered":"http:\/\/cia.agenciasimplie.com.co\/blogcia\/?page_id=1970"},"modified":"2023-08-18T18:35:37","modified_gmt":"2023-08-18T21:35:37","slug":"politica-de-privacidade","status":"publish","type":"page","link":"https:\/\/www.ciadetalentos.com.br\/blog\/politica-de-privacidade\/","title":{"rendered":"Pol\u00edtica de privacidade"},"content":{"rendered":"<div class=\"fusion-text\">\n<h1 data-inline-fontsize=\"true\" data-fontsize=\"24\" data-lineheight=\"34\"><strong>Pol\u00edtica de privacidade<\/strong><\/h1>\n<\/div>\n<h2 class=\"fusion-separator fusion-full-width-sep sep-none\"><strong>O Grupo Cia de Talentos oferece acesso a uma s\u00e9rie de conte\u00fados e servi\u00e7os que conectam pessoas e empresas a oportunidades de recrutamento, sele\u00e7\u00e3o e desenvolvimento de carreira.<\/strong><\/h2>\n<div class=\"fusion-text\">\n<p>Para que a nossa experi\u00eancia seja a melhor poss\u00edvel, faremos a solicita\u00e7\u00e3o e armazenamento de um conjunto de dados pessoais. Manteremos todas essas informa\u00e7\u00f5es em total seguran\u00e7a. Nossa Pol\u00edtica de Privacidade garante prote\u00e7\u00e3o e conhecimento sobre o uso que fazemos das informa\u00e7\u00f5es recebidas. Recomendamos que voc\u00ea leia atentamente nosso tratado e se certifique de que estamos tomando conta de cada dado que voc\u00ea fornece. Em caso de d\u00favida, este documento estar\u00e1 dispon\u00edvel para acesso e consulta. Pensando em garantir total seguran\u00e7a aos nossos usu\u00e1rios, nossa Pol\u00edtica de Privacidade poder\u00e1 ser atualizada sempre que necess\u00e1rio.<\/p>\n<h2><strong>Informa\u00e7\u00f5es coletadas neste site<\/strong><\/h2>\n<p>Ao come\u00e7ar a usar nossos servi\u00e7os, voc\u00ea se cadastrar\u00e1 no banco de dados do Grupo Cia de Talentos fornecendo sua identifica\u00e7\u00e3o (nome completo, CPF e e-mail de contato), bem como informa\u00e7\u00f5es sobre sua profiss\u00e3o (se j\u00e1 tiver), escolaridade e assuntos de seu interesse. Vale lembrar que todos os nossos servi\u00e7os s\u00e3o gratuitos!<\/p>\n<p>Importante:<\/p>\n<p>Lembre-se de manter seus dados pessoais atualizados, principalmente seu e-mail pessoal. Isso ser\u00e1 fundamental para utiliza\u00e7\u00e3o de nossos servi\u00e7os da melhor forma poss\u00edvel e \u00e9 por meio do seu e-mail que faremos a maioria dos contatos com voc\u00ea.<\/p>\n<ul>\n<li>Cookies armazenam apenas as informa\u00e7\u00f5es pessoais que voc\u00ea fornecer, e nada mais.<\/li>\n<li>Cookies n\u00e3o coletam informa\u00e7\u00f5es que est\u00e3o registradas no seu computador, pode ficar tranquilo!<\/li>\n<li>Cookies n\u00e3o podem ser utilizados para executar programas ou enviar v\u00edrus ao seu computador.<\/li>\n<li>A maioria dos browsers possibilita que voc\u00ea, a qualquer instante, ative mecanismos que te informam quando os cookies est\u00e3o acionados ou te avisam com anteced\u00eancia para que voc\u00ea tenha tempo de n\u00e3o permitir que eles sejam acionados. Voc\u00ea pode optar, mas ao n\u00e3o permitir a ativa\u00e7\u00e3o de cookies, algumas fun\u00e7\u00f5es do nosso site podem n\u00e3o funcionar corretamente.<\/li>\n<li>Ao clicar em algum link dentro do nosso site e ser direcionado para algum outro site externo, os conte\u00fados e pol\u00edticas de privacidade mudam e s\u00e3o de responsabilidade dos sites que voc\u00ea est\u00e1 acessando.<\/li>\n<\/ul>\n<h2><strong>Para que o Grupo Cia de Talentos usa as informa\u00e7\u00f5es coletadas neste site?<\/strong><\/h2>\n<p>Basicamente utilizamos suas informa\u00e7\u00f5es para te conectar com as melhores oportunidades dispon\u00edveis, de acordo com o seu perfil. Tamb\u00e9m para te oferecer conte\u00fados educacionais e de carreira que v\u00e3o te ajudar a se desenvolver e estar preparado e atualizado para o mercado e a vida profissional. Separamos aqui alguns exemplos do que vamos te enviar, preferencialmente por e-mail:<\/p>\n<ul>\n<li>Comunicados sobre palestras e cursos;<\/li>\n<li>Convite para participa\u00e7\u00e3o em pesquisas;<\/li>\n<li>Not\u00edcias e informa\u00e7\u00f5es diversas sobre carreira, eventos, atividades;<\/li>\n<li>Divulga\u00e7\u00e3o da marca e dos servi\u00e7os prestados pelo Grupo Cia de Talentos;<\/li>\n<li>Recomenda\u00e7\u00e3o de vagas;<\/li>\n<li>Outras solu\u00e7\u00f5es que podem contribuir para a sua vida e a sua carreira.<\/li>\n<\/ul>\n<h2><strong>Seguran\u00e7a das informa\u00e7\u00f5es<\/strong><\/h2>\n<p>Queremos deixar bem claro que somos totalmente respons\u00e1veis por todas as informa\u00e7\u00f5es que voc\u00ea fornece no nosso site, ficando comprometidos a n\u00e3o vender, ceder, divulgar e nem, de qualquer forma, repassar seus dados a terceiros, a n\u00e3o ser que isso seja determinado em ordem judicial. S\u00f3 utilizamos seus dados na forma e para os fins descritos aqui na Pol\u00edtica de Privacidade.<\/p>\n<h2><strong>Nosso compromisso de confidencialidade e prote\u00e7\u00e3o das informa\u00e7\u00f5es \u00e9 bem s\u00e9rio e para isso adotamos as seguintes medidas protetivas:<\/strong><\/h2>\n<ul>\n<li>Tudo que voc\u00ea nos informa fica restrito aos funcion\u00e1rios, contratados, prepostos e demais integrantes de nossa equipe respons\u00e1veis por oferecer todos os servi\u00e7os que citamos aqui na nossa Pol\u00edtica de Privacidade. Seus dados nunca ser\u00e3o acessados por acaso, mesmo porque n\u00e3o est\u00e3o dispon\u00edveis dessa forma.<\/li>\n<li>Utilizamos diversos mecanismos e ferramentas de prote\u00e7\u00e3o das informa\u00e7\u00f5es, mantendo tudo bem seguro e longe do acesso de pessoas n\u00e3o autorizados.<\/li>\n<\/ul>\n<h2><strong>Manifesta\u00e7\u00e3o de concord\u00e2ncia com essa pol\u00edtica de privacidade<\/strong><\/h2>\n<p>Ao fornecer seus dados em nosso site voc\u00ea concorda com o uso dessas informa\u00e7\u00f5es pelo Grupo Cia de Talentos e com os m\u00e9todos de prote\u00e7\u00e3o utilizados por n\u00f3s.<\/p>\n<\/div>\n","protected":false},"excerpt":{"rendered":"<p>Pol\u00edtica de privacidade O Grupo Cia de Talentos oferece acesso a uma s\u00e9rie de&hellip;<\/p>\n","protected":false},"author":1,"featured_media":0,"parent":0,"menu_order":0,"comment_status":"closed","ping_status":"closed","template":"page-sidebar.php","meta":{"footnotes":""},"yoast_head":"<!-- This site is optimized with the Yoast SEO plugin v22.5 - https:\/\/yoast.com\/wordpress\/plugins\/seo\/ -->\n<title>Pol\u00edtica de privacidade - Blog Cia de Talentos<\/title>\n<meta name=\"description\" content=\"Confira a Pol\u00edtica de Privacidade da Cia de Talentos quanto ao que \u00e9 coletado pelo site, o uso e seguran\u00e7a das informa\u00e7\u00f5es.\" \/>\n<meta name=\"robots\" content=\"index, follow, max-snippet:-1, max-image-preview:large, max-video-preview:-1\" \/>\n<link rel=\"canonical\" href=\"https:\/\/www.ciadetalentos.com.br\/blog\/politica-de-privacidade\/\" \/>\n<meta property=\"og:locale\" content=\"pt_BR\" \/>\n<meta property=\"og:type\" content=\"article\" \/>\n<meta property=\"og:title\" content=\"Pol\u00edtica de privacidade - Blog Cia de Talentos\" \/>\n<meta property=\"og:description\" content=\"Confira a Pol\u00edtica de Privacidade da Cia de Talentos quanto ao que \u00e9 coletado pelo site, o uso e seguran\u00e7a das informa\u00e7\u00f5es.\" \/>\n<meta property=\"og:url\" content=\"https:\/\/www.ciadetalentos.com.br\/blog\/politica-de-privacidade\/\" \/>\n<meta property=\"og:site_name\" content=\"Blog Cia de Talentos\" \/>\n<meta property=\"article:modified_time\" content=\"2023-08-18T21:35:37+00:00\" \/>\n<meta name=\"twitter:card\" content=\"summary_large_image\" \/>\n<meta name=\"twitter:label1\" content=\"Est. tempo de leitura\" \/>\n\t<meta name=\"twitter:data1\" content=\"4 minutos\" \/>\n<script type=\"application\/ld+json\" class=\"yoast-schema-graph\">{\"@context\":\"https:\/\/schema.org\",\"@graph\":[{\"@type\":\"WebPage\",\"@id\":\"https:\/\/www.ciadetalentos.com.br\/blog\/politica-de-privacidade\/\",\"url\":\"https:\/\/www.ciadetalentos.com.br\/blog\/politica-de-privacidade\/\",\"name\":\"Pol\u00edtica de privacidade - Blog Cia de Talentos\",\"isPartOf\":{\"@id\":\"https:\/\/www.ciadetalentos.com.br\/blog\/#website\"},\"datePublished\":\"2019-06-25T22:00:59+00:00\",\"dateModified\":\"2023-08-18T21:35:37+00:00\",\"description\":\"Confira a Pol\u00edtica de Privacidade da Cia de Talentos quanto ao que \u00e9 coletado pelo site, o uso e seguran\u00e7a das informa\u00e7\u00f5es.\",\"breadcrumb\":{\"@id\":\"https:\/\/www.ciadetalentos.com.br\/blog\/politica-de-privacidade\/#breadcrumb\"},\"inLanguage\":\"pt-BR\",\"potentialAction\":[{\"@type\":\"ReadAction\",\"target\":[\"https:\/\/www.ciadetalentos.com.br\/blog\/politica-de-privacidade\/\"]}]},{\"@type\":\"BreadcrumbList\",\"@id\":\"https:\/\/www.ciadetalentos.com.br\/blog\/politica-de-privacidade\/#breadcrumb\",\"itemListElement\":[{\"@type\":\"ListItem\",\"position\":1,\"name\":\"Home\",\"item\":\"https:\/\/www.ciadetalentos.com.br\/blog\/\"},{\"@type\":\"ListItem\",\"position\":2,\"name\":\"Pol\u00edtica de privacidade\"}]},{\"@type\":\"WebSite\",\"@id\":\"https:\/\/www.ciadetalentos.com.br\/blog\/#website\",\"url\":\"https:\/\/www.ciadetalentos.com.br\/blog\/\",\"name\":\"Blog Cia de Talentos\",\"description\":\"Descubra tudo o que voc\u00ea precisa para desenvolver carreiras e transformar sua vida profissional\",\"potentialAction\":[{\"@type\":\"SearchAction\",\"target\":{\"@type\":\"EntryPoint\",\"urlTemplate\":\"https:\/\/www.ciadetalentos.com.br\/blog\/?s={search_term_string}\"},\"query-input\":\"required name=search_term_string\"}],\"inLanguage\":\"pt-BR\"}]}<\/script>\n<!-- \/ Yoast SEO plugin. -->","yoast_head_json":{"title":"Pol\u00edtica de privacidade - Blog Cia de Talentos","description":"Confira a Pol\u00edtica de Privacidade da Cia de Talentos quanto ao que \u00e9 coletado pelo site, o uso e seguran\u00e7a das informa\u00e7\u00f5es.","robots":{"index":"index","follow":"follow","max-snippet":"max-snippet:-1","max-image-preview":"max-image-preview:large","max-video-preview":"max-video-preview:-1"},"canonical":"https:\/\/www.ciadetalentos.com.br\/blog\/politica-de-privacidade\/","og_locale":"pt_BR","og_type":"article","og_title":"Pol\u00edtica de privacidade - Blog Cia de Talentos","og_description":"Confira a Pol\u00edtica de Privacidade da Cia de Talentos quanto ao que \u00e9 coletado pelo site, o uso e seguran\u00e7a das informa\u00e7\u00f5es.","og_url":"https:\/\/www.ciadetalentos.com.br\/blog\/politica-de-privacidade\/","og_site_name":"Blog Cia de Talentos","article_modified_time":"2023-08-18T21:35:37+00:00","twitter_card":"summary_large_image","twitter_misc":{"Est. tempo de leitura":"4 minutos"},"schema":{"@context":"https:\/\/schema.org","@graph":[{"@type":"WebPage","@id":"https:\/\/www.ciadetalentos.com.br\/blog\/politica-de-privacidade\/","url":"https:\/\/www.ciadetalentos.com.br\/blog\/politica-de-privacidade\/","name":"Pol\u00edtica de privacidade - Blog Cia de Talentos","isPartOf":{"@id":"https:\/\/www.ciadetalentos.com.br\/blog\/#website"},"datePublished":"2019-06-25T22:00:59+00:00","dateModified":"2023-08-18T21:35:37+00:00","description":"Confira a Pol\u00edtica de Privacidade da Cia de Talentos quanto ao que \u00e9 coletado pelo site, o uso e seguran\u00e7a das informa\u00e7\u00f5es.","breadcrumb":{"@id":"https:\/\/www.ciadetalentos.com.br\/blog\/politica-de-privacidade\/#breadcrumb"},"inLanguage":"pt-BR","potentialAction":[{"@type":"ReadAction","target":["https:\/\/www.ciadetalentos.com.br\/blog\/politica-de-privacidade\/"]}]},{"@type":"BreadcrumbList","@id":"https:\/\/www.ciadetalentos.com.br\/blog\/politica-de-privacidade\/#breadcrumb","itemListElement":[{"@type":"ListItem","position":1,"name":"Home","item":"https:\/\/www.ciadetalentos.com.br\/blog\/"},{"@type":"ListItem","position":2,"name":"Pol\u00edtica de privacidade"}]},{"@type":"WebSite","@id":"https:\/\/www.ciadetalentos.com.br\/blog\/#website","url":"https:\/\/www.ciadetalentos.com.br\/blog\/","name":"Blog Cia de Talentos","description":"Descubra tudo o que voc\u00ea precisa para desenvolver carreiras e transformar sua vida profissional","potentialAction":[{"@type":"SearchAction","target":{"@type":"EntryPoint","urlTemplate":"https:\/\/www.ciadetalentos.com.br\/blog\/?s={search_term_string}"},"query-input":"required name=search_term_string"}],"inLanguage":"pt-BR"}]}},"_links":{"self":[{"href":"https:\/\/www.ciadetalentos.com.br\/blog\/wp-json\/wp\/v2\/pages\/1970"}],"collection":[{"href":"https:\/\/www.ciadetalentos.com.br\/blog\/wp-json\/wp\/v2\/pages"}],"about":[{"href":"https:\/\/www.ciadetalentos.com.br\/blog\/wp-json\/wp\/v2\/types\/page"}],"author":[{"embeddable":true,"href":"https:\/\/www.ciadetalentos.com.br\/blog\/wp-json\/wp\/v2\/users\/1"}],"replies":[{"embeddable":true,"href":"https:\/\/www.ciadetalentos.com.br\/blog\/wp-json\/wp\/v2\/comments?post=1970"}],"version-history":[{"count":3,"href":"https:\/\/www.ciadetalentos.com.br\/blog\/wp-json\/wp\/v2\/pages\/1970\/revisions"}],"predecessor-version":[{"id":5344,"href":"https:\/\/www.ciadetalentos.com.br\/blog\/wp-json\/wp\/v2\/pages\/1970\/revisions\/5344"}],"wp:attachment":[{"href":"https:\/\/www.ciadetalentos.com.br\/blog\/wp-json\/wp\/v2\/media?parent=1970"}],"curies":[{"name":"wp","href":"https:\/\/api.w.org\/{rel}","templated":true}]}}