{"id":2699,"date":"2019-09-23T12:44:39","date_gmt":"2019-09-23T15:44:39","guid":{"rendered":"https:\/\/www.ciadetalentos.com.br\/blog\/?page_id=2699"},"modified":"2023-08-18T18:30:45","modified_gmt":"2023-08-18T21:30:45","slug":"politica-de-privacidad","status":"publish","type":"page","link":"https:\/\/www.ciadetalentos.com.br\/blog\/es\/politica-de-privacidad\/","title":{"rendered":"Pol\u00edtica de Privacidad"},"content":{"rendered":"<div class=\"fusion-text\">\n<h1>Pol\u00edtica de Privacidad<\/h1>\n<p>Cia de Talentos ofrece acceso a una serie de contenidos y servicios que conectan a personas y empresas con oportunidades de reclutamiento, selecci\u00f3n y desarrollo de carrera.<\/p>\n<p>Para que nuestra experiencia sea la mejor posible, solicitaremos y almacenaremos un conjunto de datos personales. Mantendremos toda esta informaci\u00f3n completamente segura. Nuestra Pol\u00edtica de Privacidad garantiza la protecci\u00f3n y el conocimiento sobre el uso que hacemos de la informaci\u00f3n recibida. Le recomendamos que lea atentamente nuestro tratado y se asegure de que estamos cuidando todos los datos que nos proporciona. En caso de duda, este documento estar\u00e1 disponible para su acceso y consulta. Pensando en garantizar la total seguridad a nuestros usuarios, nuestra Pol\u00edtica de Privacidad puede ser actualizada siempre que sea necesario.<\/p>\n<h2><strong>Informaci\u00f3n recopilada en este sitio web<\/strong><\/h2>\n<\/div>\n<div class=\"fusion-text\">\n<p>Cuando comience a utilizar nuestros servicios, se registrar\u00e1 en la base de datos de Cia de Talentos proporcionando su identificaci\u00f3n (nombre completo, CPF y correo electr\u00f3nico de contacto), as\u00ed como informaci\u00f3n sobre su profesi\u00f3n (si ya tiene una), escolaridad y asuntos de tu inter\u00e9s \u00a1Recuerda que todos nuestros servicios son gratuitos!<\/p>\n<p><strong>Importante:<\/strong><\/p>\n<p>Recuerde mantener actualizados sus datos personales, especialmente su correo electr\u00f3nico personal. Esto ser\u00e1 fundamental para utilizar nuestros servicios de la mejor manera posible y es a trav\u00e9s de su correo electr\u00f3nico que realizaremos la mayor parte de nuestros contactos con usted.<\/p>\n<ul>\n<li>Las cookies solo almacenan la informaci\u00f3n personal que proporciona, y nada m\u00e1s.<\/li>\n<li>Las cookies no recogen informaci\u00f3n que queda registrada en su ordenador, \u00a1puede estar tranquilo!<\/li>\n<li>Las cookies no se pueden utilizar para ejecutar programas o enviar virus a su computadora.<\/li>\n<li>La mayor\u00eda de los navegadores permiten, en cualquier momento, activar mecanismos que le informan de la activaci\u00f3n de las cookies o avisarle con antelaci\u00f3n para que no permita que se activen. Puede elegir, pero al no permitir la activaci\u00f3n de las cookies, algunas funciones de nuestro sitio web pueden no funcionar correctamente.<\/li>\n<li>Al hacer clic en un enlace dentro de nuestro sitio web y ser dirigido a otro sitio web externo, los contenidos y las pol\u00edticas de privacidad cambian y son responsabilidad de los sitios web a los que accede.<\/li>\n<\/ul>\n<h2>\u00bfPara qu\u00e9 utiliza Cia de Talentos la informaci\u00f3n recopilada en este sitio?<\/h2>\n<p>B\u00e1sicamente, usamos su informaci\u00f3n para conectarlo con las mejores oportunidades disponibles, de acuerdo con su perfil. Tambi\u00e9n para ofrecerte contenidos educativos y de carrera que te ayuden a desarrollarte y estar preparado y actualizado para el mercado y la vida profesional. Estos son algunos ejemplos de lo que le enviaremos, preferiblemente por correo electr\u00f3nico:<\/p>\n<ul>\n<li>Anuncios sobre conferencias y cursos;<\/li>\n<li>Invitaci\u00f3n a participar en encuestas;<\/li>\n<li>Noticias e informaci\u00f3n miscel\u00e1nea sobre carrera, eventos, actividades;<\/li>\n<li>Divulgaci\u00f3n de la marca y servicios prestados por Cia de Talentos;<\/li>\n<li>Recomendaci\u00f3n de vacante;<\/li>\n<li>Otras soluciones que pueden contribuir a tu vida y tu carrera.<\/li>\n<\/ul>\n<h2><strong>Seguridad de informaci\u00f3n<\/strong><\/h2>\n<p>Queremos dejar claro que somos totalmente responsables de toda la informaci\u00f3n que proporciones en nuestro sitio web, comprometi\u00e9ndonos a no vender, ceder, divulgar o, de cualquier forma, transmitir tus datos a terceros, salvo que as\u00ed se determine con el fin. judicial. Solo utilizamos sus datos en la forma y para los fines descritos aqu\u00ed en la Pol\u00edtica de privacidad.<\/p>\n<h2>Nuestro compromiso con la confidencialidad y protecci\u00f3n de la informaci\u00f3n es muy serio y para ello hemos adoptado las siguientes medidas de protecci\u00f3n:<\/h2>\n<ul>\n<li>Todo lo que nos informe est\u00e1 restringido a empleados, contratistas, agentes y otros miembros de nuestro equipo responsables de ofrecer todos los servicios mencionados aqu\u00ed en nuestra Pol\u00edtica de Privacidad. Sus datos nunca ser\u00e1n accedidos por casualidad, incluso porque no est\u00e1n disponibles de esa manera.<\/li>\n<li>Utilizamos varios mecanismos y herramientas para proteger la informaci\u00f3n, manteniendo todo seguro y fuera del acceso de personas no autorizadas.<\/li>\n<\/ul>\n<h2>Expresi\u00f3n de acuerdo con esta pol\u00edtica de privacidad<\/h2>\n<p>Al proporcionar sus datos en nuestro sitio web, usted est\u00e1 de acuerdo con el uso de esta informaci\u00f3n por parte de Cia de Talentos y con los m\u00e9todos de protecci\u00f3n utilizados por nosotros.<\/p>\n<\/div>\n","protected":false},"excerpt":{"rendered":"<p>Pol\u00edtica de Privacidad Cia de Talentos ofrece acceso a una serie de contenidos y&hellip;<\/p>\n","protected":false},"author":1,"featured_media":0,"parent":0,"menu_order":0,"comment_status":"closed","ping_status":"closed","template":"page-sidebar.php","meta":{"footnotes":""},"yoast_head":"<!-- This site is optimized with the Yoast SEO plugin v22.5 - https:\/\/yoast.com\/wordpress\/plugins\/seo\/ -->\n<title>Pol\u00edtica de Privacidad - Blog Cia de Talentos<\/title>\n<meta name=\"description\" content=\"Consulte la Pol\u00edtica de Privacidad de Cia de Talentos con respecto a lo que recopila el sitio, el uso y la seguridad de la informaci\u00f3n.\" \/>\n<meta name=\"robots\" content=\"index, follow, max-snippet:-1, max-image-preview:large, max-video-preview:-1\" \/>\n<link rel=\"canonical\" href=\"https:\/\/www.ciadetalentos.com.br\/blog\/es\/politica-de-privacidad\/\" \/>\n<meta property=\"og:locale\" content=\"pt_BR\" \/>\n<meta property=\"og:type\" content=\"article\" \/>\n<meta property=\"og:title\" content=\"Pol\u00edtica de Privacidad - Blog Cia de Talentos\" \/>\n<meta property=\"og:description\" content=\"Consulte la Pol\u00edtica de Privacidad de Cia de Talentos con respecto a lo que recopila el sitio, el uso y la seguridad de la informaci\u00f3n.\" \/>\n<meta property=\"og:url\" content=\"https:\/\/www.ciadetalentos.com.br\/blog\/es\/politica-de-privacidad\/\" \/>\n<meta property=\"og:site_name\" content=\"Blog Cia de Talentos\" \/>\n<meta property=\"article:modified_time\" content=\"2023-08-18T21:30:45+00:00\" \/>\n<meta name=\"twitter:card\" content=\"summary_large_image\" \/>\n<meta name=\"twitter:label1\" content=\"Est. tempo de leitura\" \/>\n\t<meta name=\"twitter:data1\" content=\"4 minutos\" \/>\n<script type=\"application\/ld+json\" class=\"yoast-schema-graph\">{\"@context\":\"https:\/\/schema.org\",\"@graph\":[{\"@type\":\"WebPage\",\"@id\":\"https:\/\/www.ciadetalentos.com.br\/blog\/es\/politica-de-privacidad\/\",\"url\":\"https:\/\/www.ciadetalentos.com.br\/blog\/es\/politica-de-privacidad\/\",\"name\":\"Pol\u00edtica de Privacidad - Blog Cia de Talentos\",\"isPartOf\":{\"@id\":\"https:\/\/www.ciadetalentos.com.br\/blog\/#website\"},\"datePublished\":\"2019-09-23T15:44:39+00:00\",\"dateModified\":\"2023-08-18T21:30:45+00:00\",\"description\":\"Consulte la Pol\u00edtica de Privacidad de Cia de Talentos con respecto a lo que recopila el sitio, el uso y la seguridad de la informaci\u00f3n.\",\"breadcrumb\":{\"@id\":\"https:\/\/www.ciadetalentos.com.br\/blog\/es\/politica-de-privacidad\/#breadcrumb\"},\"inLanguage\":\"pt-BR\",\"potentialAction\":[{\"@type\":\"ReadAction\",\"target\":[\"https:\/\/www.ciadetalentos.com.br\/blog\/es\/politica-de-privacidad\/\"]}]},{\"@type\":\"BreadcrumbList\",\"@id\":\"https:\/\/www.ciadetalentos.com.br\/blog\/es\/politica-de-privacidad\/#breadcrumb\",\"itemListElement\":[{\"@type\":\"ListItem\",\"position\":1,\"name\":\"Home\",\"item\":\"https:\/\/www.ciadetalentos.com.br\/blog\/\"},{\"@type\":\"ListItem\",\"position\":2,\"name\":\"Pol\u00edtica de Privacidad\"}]},{\"@type\":\"WebSite\",\"@id\":\"https:\/\/www.ciadetalentos.com.br\/blog\/#website\",\"url\":\"https:\/\/www.ciadetalentos.com.br\/blog\/\",\"name\":\"Blog Cia de Talentos\",\"description\":\"Descubra tudo o que voc\u00ea precisa para desenvolver carreiras e transformar sua vida profissional\",\"potentialAction\":[{\"@type\":\"SearchAction\",\"target\":{\"@type\":\"EntryPoint\",\"urlTemplate\":\"https:\/\/www.ciadetalentos.com.br\/blog\/?s={search_term_string}\"},\"query-input\":\"required name=search_term_string\"}],\"inLanguage\":\"pt-BR\"}]}<\/script>\n<!-- \/ Yoast SEO plugin. -->","yoast_head_json":{"title":"Pol\u00edtica de Privacidad - Blog Cia de Talentos","description":"Consulte la Pol\u00edtica de Privacidad de Cia de Talentos con respecto a lo que recopila el sitio, el uso y la seguridad de la informaci\u00f3n.","robots":{"index":"index","follow":"follow","max-snippet":"max-snippet:-1","max-image-preview":"max-image-preview:large","max-video-preview":"max-video-preview:-1"},"canonical":"https:\/\/www.ciadetalentos.com.br\/blog\/es\/politica-de-privacidad\/","og_locale":"pt_BR","og_type":"article","og_title":"Pol\u00edtica de Privacidad - Blog Cia de Talentos","og_description":"Consulte la Pol\u00edtica de Privacidad de Cia de Talentos con respecto a lo que recopila el sitio, el uso y la seguridad de la informaci\u00f3n.","og_url":"https:\/\/www.ciadetalentos.com.br\/blog\/es\/politica-de-privacidad\/","og_site_name":"Blog Cia de Talentos","article_modified_time":"2023-08-18T21:30:45+00:00","twitter_card":"summary_large_image","twitter_misc":{"Est. tempo de leitura":"4 minutos"},"schema":{"@context":"https:\/\/schema.org","@graph":[{"@type":"WebPage","@id":"https:\/\/www.ciadetalentos.com.br\/blog\/es\/politica-de-privacidad\/","url":"https:\/\/www.ciadetalentos.com.br\/blog\/es\/politica-de-privacidad\/","name":"Pol\u00edtica de Privacidad - Blog Cia de Talentos","isPartOf":{"@id":"https:\/\/www.ciadetalentos.com.br\/blog\/#website"},"datePublished":"2019-09-23T15:44:39+00:00","dateModified":"2023-08-18T21:30:45+00:00","description":"Consulte la Pol\u00edtica de Privacidad de Cia de Talentos con respecto a lo que recopila el sitio, el uso y la seguridad de la informaci\u00f3n.","breadcrumb":{"@id":"https:\/\/www.ciadetalentos.com.br\/blog\/es\/politica-de-privacidad\/#breadcrumb"},"inLanguage":"pt-BR","potentialAction":[{"@type":"ReadAction","target":["https:\/\/www.ciadetalentos.com.br\/blog\/es\/politica-de-privacidad\/"]}]},{"@type":"BreadcrumbList","@id":"https:\/\/www.ciadetalentos.com.br\/blog\/es\/politica-de-privacidad\/#breadcrumb","itemListElement":[{"@type":"ListItem","position":1,"name":"Home","item":"https:\/\/www.ciadetalentos.com.br\/blog\/"},{"@type":"ListItem","position":2,"name":"Pol\u00edtica de Privacidad"}]},{"@type":"WebSite","@id":"https:\/\/www.ciadetalentos.com.br\/blog\/#website","url":"https:\/\/www.ciadetalentos.com.br\/blog\/","name":"Blog Cia de Talentos","description":"Descubra tudo o que voc\u00ea precisa para desenvolver carreiras e transformar sua vida profissional","potentialAction":[{"@type":"SearchAction","target":{"@type":"EntryPoint","urlTemplate":"https:\/\/www.ciadetalentos.com.br\/blog\/?s={search_term_string}"},"query-input":"required name=search_term_string"}],"inLanguage":"pt-BR"}]}},"_links":{"self":[{"href":"https:\/\/www.ciadetalentos.com.br\/blog\/wp-json\/wp\/v2\/pages\/2699"}],"collection":[{"href":"https:\/\/www.ciadetalentos.com.br\/blog\/wp-json\/wp\/v2\/pages"}],"about":[{"href":"https:\/\/www.ciadetalentos.com.br\/blog\/wp-json\/wp\/v2\/types\/page"}],"author":[{"embeddable":true,"href":"https:\/\/www.ciadetalentos.com.br\/blog\/wp-json\/wp\/v2\/users\/1"}],"replies":[{"embeddable":true,"href":"https:\/\/www.ciadetalentos.com.br\/blog\/wp-json\/wp\/v2\/comments?post=2699"}],"version-history":[{"count":4,"href":"https:\/\/www.ciadetalentos.com.br\/blog\/wp-json\/wp\/v2\/pages\/2699\/revisions"}],"predecessor-version":[{"id":5340,"href":"https:\/\/www.ciadetalentos.com.br\/blog\/wp-json\/wp\/v2\/pages\/2699\/revisions\/5340"}],"wp:attachment":[{"href":"https:\/\/www.ciadetalentos.com.br\/blog\/wp-json\/wp\/v2\/media?parent=2699"}],"curies":[{"name":"wp","href":"https:\/\/api.w.org\/{rel}","templated":true}]}}