{"id":2701,"date":"2019-09-23T12:49:34","date_gmt":"2019-09-23T15:49:34","guid":{"rendered":"https:\/\/www.ciadetalentos.com.br\/blog\/?page_id=2701"},"modified":"2023-08-18T18:32:01","modified_gmt":"2023-08-18T21:32:01","slug":"acerca-del-blog","status":"publish","type":"page","link":"https:\/\/www.ciadetalentos.com.br\/blog\/es\/acerca-del-blog\/","title":{"rendered":"Acerca del Blog"},"content":{"rendered":"<h1 style=\"text-align: center\">Acerca del Blog<\/h1>\n<p style=\"text-align: center\">El blog talents.com.br es un canal de contenido de Cia de Talentos que tiene como objetivo educar para una carrera y potenciar el talento en el mercado, especialmente los j\u00f3venes que se encuentran en el inicio de su carrera profesional.<br \/>\nNuestro foco es aportar conocimientos para que cada persona se sienta cada vez m\u00e1s preparada para afrontar los retos profesionales.<br \/>\nPor lo tanto, producimos materiales con los siguientes temas:<br \/>\n&#8211; <strong>procesos de selecci\u00f3n:<\/strong> consejos e informaci\u00f3n sobre cada etapa para que participes con confianza y seguridad;<br \/>\n&#8211; <strong>desarrollo:<\/strong> contenidos sobre habilidades conductuales (soft skills) y t\u00e9cnicas (hard skills).<br \/>\nAdem\u00e1s, aqu\u00ed tambi\u00e9n encontrar\u00e1s contenido sobre todo lo que es relevante para tu crecimiento profesional, como el autoconocimiento, temas cotidianos relevantes que impactan en el d\u00eda a d\u00eda de profesionales y empresas, tendencias, entre otros.<br \/>\nTodav\u00eda contamos con la experiencia de m\u00e1s de 30 a\u00f1os del equipo de consultor\u00eda e investigaci\u00f3n de la Cia de Talentos. Esto significa que toda la informaci\u00f3n que proporcionamos es confiable y est\u00e1 actualizada.<br \/>\nHacemos esto, y a\u00fan m\u00e1s, para que pueda desarrollarse, comprender los cambios que se est\u00e1n produciendo en el mercado laboral y tener acceso a informaci\u00f3n y consejos sobre las mejores vacantes para programas de pasant\u00edas y pasant\u00edas.<br \/>\n\u00a1Todo para que coincidas con la carrera de tus sue\u00f1os!<\/p>\n","protected":false},"excerpt":{"rendered":"<p>Acerca del Blog El blog talents.com.br es un canal de contenido de Cia de&hellip;<\/p>\n","protected":false},"author":1,"featured_media":1954,"parent":0,"menu_order":0,"comment_status":"closed","ping_status":"closed","template":"","meta":{"footnotes":""},"yoast_head":"<!-- This site is optimized with the Yoast SEO plugin v22.5 - https:\/\/yoast.com\/wordpress\/plugins\/seo\/ -->\n<title>Acerca del Blog - Blog Cia de Talentos<\/title>\n<meta name=\"description\" content=\"El blog es un canal de contenido que tiene como objetivo educar para una carrera y potenciar el talento en el mercado.\" \/>\n<meta name=\"robots\" content=\"index, follow, max-snippet:-1, max-image-preview:large, max-video-preview:-1\" \/>\n<link rel=\"canonical\" href=\"https:\/\/www.ciadetalentos.com.br\/blog\/es\/acerca-del-blog\/\" \/>\n<meta property=\"og:locale\" content=\"pt_BR\" \/>\n<meta property=\"og:type\" content=\"article\" \/>\n<meta property=\"og:title\" content=\"Acerca del Blog - Blog Cia de Talentos\" \/>\n<meta property=\"og:description\" content=\"El blog es un canal de contenido que tiene como objetivo educar para una carrera y potenciar el talento en el mercado.\" \/>\n<meta property=\"og:url\" content=\"https:\/\/www.ciadetalentos.com.br\/blog\/es\/acerca-del-blog\/\" \/>\n<meta property=\"og:site_name\" content=\"Blog Cia de Talentos\" \/>\n<meta property=\"article:modified_time\" content=\"2023-08-18T21:32:01+00:00\" \/>\n<meta property=\"og:image\" content=\"https:\/\/www.ciadetalentos.com.br\/blog\/wp-content\/uploads\/sites\/7\/2019\/06\/Banner-blog-cia-de-talentos-min.jpg\" \/>\n\t<meta property=\"og:image:width\" content=\"1440\" \/>\n\t<meta property=\"og:image:height\" content=\"468\" \/>\n\t<meta property=\"og:image:type\" content=\"image\/jpeg\" \/>\n<meta name=\"twitter:card\" content=\"summary_large_image\" \/>\n<meta name=\"twitter:label1\" content=\"Est. tempo de leitura\" \/>\n\t<meta name=\"twitter:data1\" content=\"2 minutos\" \/>\n<script type=\"application\/ld+json\" class=\"yoast-schema-graph\">{\"@context\":\"https:\/\/schema.org\",\"@graph\":[{\"@type\":\"WebPage\",\"@id\":\"https:\/\/www.ciadetalentos.com.br\/blog\/es\/acerca-del-blog\/\",\"url\":\"https:\/\/www.ciadetalentos.com.br\/blog\/es\/acerca-del-blog\/\",\"name\":\"Acerca del Blog - Blog Cia de Talentos\",\"isPartOf\":{\"@id\":\"https:\/\/www.ciadetalentos.com.br\/blog\/#website\"},\"primaryImageOfPage\":{\"@id\":\"https:\/\/www.ciadetalentos.com.br\/blog\/es\/acerca-del-blog\/#primaryimage\"},\"image\":{\"@id\":\"https:\/\/www.ciadetalentos.com.br\/blog\/es\/acerca-del-blog\/#primaryimage\"},\"thumbnailUrl\":\"https:\/\/www.ciadetalentos.com.br\/blog\/wp-content\/uploads\/sites\/7\/2019\/06\/Banner-blog-cia-de-talentos-min.jpg\",\"datePublished\":\"2019-09-23T15:49:34+00:00\",\"dateModified\":\"2023-08-18T21:32:01+00:00\",\"description\":\"El blog es un canal de contenido que tiene como objetivo educar para una carrera y potenciar el talento en el mercado.\",\"breadcrumb\":{\"@id\":\"https:\/\/www.ciadetalentos.com.br\/blog\/es\/acerca-del-blog\/#breadcrumb\"},\"inLanguage\":\"pt-BR\",\"potentialAction\":[{\"@type\":\"ReadAction\",\"target\":[\"https:\/\/www.ciadetalentos.com.br\/blog\/es\/acerca-del-blog\/\"]}]},{\"@type\":\"ImageObject\",\"inLanguage\":\"pt-BR\",\"@id\":\"https:\/\/www.ciadetalentos.com.br\/blog\/es\/acerca-del-blog\/#primaryimage\",\"url\":\"https:\/\/www.ciadetalentos.com.br\/blog\/wp-content\/uploads\/sites\/7\/2019\/06\/Banner-blog-cia-de-talentos-min.jpg\",\"contentUrl\":\"https:\/\/www.ciadetalentos.com.br\/blog\/wp-content\/uploads\/sites\/7\/2019\/06\/Banner-blog-cia-de-talentos-min.jpg\",\"width\":1440,\"height\":468,\"caption\":\"Banner-blog-cia-de-talentos-min\"},{\"@type\":\"BreadcrumbList\",\"@id\":\"https:\/\/www.ciadetalentos.com.br\/blog\/es\/acerca-del-blog\/#breadcrumb\",\"itemListElement\":[{\"@type\":\"ListItem\",\"position\":1,\"name\":\"Home\",\"item\":\"https:\/\/www.ciadetalentos.com.br\/blog\/\"},{\"@type\":\"ListItem\",\"position\":2,\"name\":\"Acerca del Blog\"}]},{\"@type\":\"WebSite\",\"@id\":\"https:\/\/www.ciadetalentos.com.br\/blog\/#website\",\"url\":\"https:\/\/www.ciadetalentos.com.br\/blog\/\",\"name\":\"Blog Cia de Talentos\",\"description\":\"Descubra tudo o que voc\u00ea precisa para desenvolver carreiras e transformar sua vida profissional\",\"potentialAction\":[{\"@type\":\"SearchAction\",\"target\":{\"@type\":\"EntryPoint\",\"urlTemplate\":\"https:\/\/www.ciadetalentos.com.br\/blog\/?s={search_term_string}\"},\"query-input\":\"required name=search_term_string\"}],\"inLanguage\":\"pt-BR\"}]}<\/script>\n<!-- \/ Yoast SEO plugin. -->","yoast_head_json":{"title":"Acerca del Blog - Blog Cia de Talentos","description":"El blog es un canal de contenido que tiene como objetivo educar para una carrera y potenciar el talento en el mercado.","robots":{"index":"index","follow":"follow","max-snippet":"max-snippet:-1","max-image-preview":"max-image-preview:large","max-video-preview":"max-video-preview:-1"},"canonical":"https:\/\/www.ciadetalentos.com.br\/blog\/es\/acerca-del-blog\/","og_locale":"pt_BR","og_type":"article","og_title":"Acerca del Blog - Blog Cia de Talentos","og_description":"El blog es un canal de contenido que tiene como objetivo educar para una carrera y potenciar el talento en el mercado.","og_url":"https:\/\/www.ciadetalentos.com.br\/blog\/es\/acerca-del-blog\/","og_site_name":"Blog Cia de Talentos","article_modified_time":"2023-08-18T21:32:01+00:00","og_image":[{"width":1440,"height":468,"url":"https:\/\/www.ciadetalentos.com.br\/blog\/wp-content\/uploads\/sites\/7\/2019\/06\/Banner-blog-cia-de-talentos-min.jpg","type":"image\/jpeg"}],"twitter_card":"summary_large_image","twitter_misc":{"Est. tempo de leitura":"2 minutos"},"schema":{"@context":"https:\/\/schema.org","@graph":[{"@type":"WebPage","@id":"https:\/\/www.ciadetalentos.com.br\/blog\/es\/acerca-del-blog\/","url":"https:\/\/www.ciadetalentos.com.br\/blog\/es\/acerca-del-blog\/","name":"Acerca del Blog - Blog Cia de Talentos","isPartOf":{"@id":"https:\/\/www.ciadetalentos.com.br\/blog\/#website"},"primaryImageOfPage":{"@id":"https:\/\/www.ciadetalentos.com.br\/blog\/es\/acerca-del-blog\/#primaryimage"},"image":{"@id":"https:\/\/www.ciadetalentos.com.br\/blog\/es\/acerca-del-blog\/#primaryimage"},"thumbnailUrl":"https:\/\/www.ciadetalentos.com.br\/blog\/wp-content\/uploads\/sites\/7\/2019\/06\/Banner-blog-cia-de-talentos-min.jpg","datePublished":"2019-09-23T15:49:34+00:00","dateModified":"2023-08-18T21:32:01+00:00","description":"El blog es un canal de contenido que tiene como objetivo educar para una carrera y potenciar el talento en el mercado.","breadcrumb":{"@id":"https:\/\/www.ciadetalentos.com.br\/blog\/es\/acerca-del-blog\/#breadcrumb"},"inLanguage":"pt-BR","potentialAction":[{"@type":"ReadAction","target":["https:\/\/www.ciadetalentos.com.br\/blog\/es\/acerca-del-blog\/"]}]},{"@type":"ImageObject","inLanguage":"pt-BR","@id":"https:\/\/www.ciadetalentos.com.br\/blog\/es\/acerca-del-blog\/#primaryimage","url":"https:\/\/www.ciadetalentos.com.br\/blog\/wp-content\/uploads\/sites\/7\/2019\/06\/Banner-blog-cia-de-talentos-min.jpg","contentUrl":"https:\/\/www.ciadetalentos.com.br\/blog\/wp-content\/uploads\/sites\/7\/2019\/06\/Banner-blog-cia-de-talentos-min.jpg","width":1440,"height":468,"caption":"Banner-blog-cia-de-talentos-min"},{"@type":"BreadcrumbList","@id":"https:\/\/www.ciadetalentos.com.br\/blog\/es\/acerca-del-blog\/#breadcrumb","itemListElement":[{"@type":"ListItem","position":1,"name":"Home","item":"https:\/\/www.ciadetalentos.com.br\/blog\/"},{"@type":"ListItem","position":2,"name":"Acerca del Blog"}]},{"@type":"WebSite","@id":"https:\/\/www.ciadetalentos.com.br\/blog\/#website","url":"https:\/\/www.ciadetalentos.com.br\/blog\/","name":"Blog Cia de Talentos","description":"Descubra tudo o que voc\u00ea precisa para desenvolver carreiras e transformar sua vida profissional","potentialAction":[{"@type":"SearchAction","target":{"@type":"EntryPoint","urlTemplate":"https:\/\/www.ciadetalentos.com.br\/blog\/?s={search_term_string}"},"query-input":"required name=search_term_string"}],"inLanguage":"pt-BR"}]}},"_links":{"self":[{"href":"https:\/\/www.ciadetalentos.com.br\/blog\/wp-json\/wp\/v2\/pages\/2701"}],"collection":[{"href":"https:\/\/www.ciadetalentos.com.br\/blog\/wp-json\/wp\/v2\/pages"}],"about":[{"href":"https:\/\/www.ciadetalentos.com.br\/blog\/wp-json\/wp\/v2\/types\/page"}],"author":[{"embeddable":true,"href":"https:\/\/www.ciadetalentos.com.br\/blog\/wp-json\/wp\/v2\/users\/1"}],"replies":[{"embeddable":true,"href":"https:\/\/www.ciadetalentos.com.br\/blog\/wp-json\/wp\/v2\/comments?post=2701"}],"version-history":[{"count":6,"href":"https:\/\/www.ciadetalentos.com.br\/blog\/wp-json\/wp\/v2\/pages\/2701\/revisions"}],"predecessor-version":[{"id":5341,"href":"https:\/\/www.ciadetalentos.com.br\/blog\/wp-json\/wp\/v2\/pages\/2701\/revisions\/5341"}],"wp:featuredmedia":[{"embeddable":true,"href":"https:\/\/www.ciadetalentos.com.br\/blog\/wp-json\/wp\/v2\/media\/1954"}],"wp:attachment":[{"href":"https:\/\/www.ciadetalentos.com.br\/blog\/wp-json\/wp\/v2\/media?parent=2701"}],"curies":[{"name":"wp","href":"https:\/\/api.w.org\/{rel}","templated":true}]}}