{"id":6,"date":"2018-08-24T03:50:05","date_gmt":"2018-08-24T03:50:05","guid":{"rendered":"http:\/\/soledad.pencidesign.com\/soledad-elegant-blog\/?page_id=6"},"modified":"2023-11-03T15:07:28","modified_gmt":"2023-11-03T18:07:28","slug":"sobre-o-blog","status":"publish","type":"page","link":"https:\/\/www.ciadetalentos.com.br\/blog\/sobre-o-blog\/","title":{"rendered":"Sobre o blog"},"content":{"rendered":"<h1 style=\"text-align: center;\">Sobre o Blog<\/h1>\n<p style=\"text-align: center;\" align=\"center\">O blog.CT \u00e9 um canal de conte\u00fado da Cia de Talentos que tem o objetivo de educar para a carreira a potencializar os talentos do mercado. Al\u00e9m de compartilhar a experi\u00eancia em consultoria, recrutamento, sele\u00e7\u00e3o e desenvolvimento\u00a0 conectada \u00e0 inova\u00e7\u00e3o, tecnologia, transforma\u00e7\u00e3o digital, tend\u00eancias e tudo o que o RH precisa para estar bem informado.<\/p>\n<p style=\"text-align: center;\" align=\"center\">O nosso foco \u00e9 contribuir com conhecimento para que cada pessoa se sinta cada vez mais preparada para enfrentar os desafios da carreira.<\/p>\n<p style=\"text-align: center;\" align=\"center\">Por isso, produzimos materiais com os seguintes temas:<\/p>\n<p style=\"text-align: center;\" align=\"center\">&#8211; <strong>Processos seletivos:<\/strong> dicas e informa\u00e7\u00f5es sobre cada etapa para que voc\u00ea participe com confian\u00e7a e seguran\u00e7a;<\/p>\n<p style=\"text-align: center;\" align=\"center\">&#8211;<strong> Desenvolvimento:<\/strong> conte\u00fado sobre habilidades comportamentais (soft skills) e compet\u00eancias t\u00e9cnicas (hard skills).<\/p>\n<p style=\"text-align: center;\" align=\"center\">Al\u00e9m disso, aqui voc\u00ea tamb\u00e9m encontra conte\u00fado sobre tudo o que \u00e9 relevante para seu crescimento profissional, como autoconhecimento, assuntos relevantes do cotidiano que impactam o dia a dia de profissionais e empresas, tend\u00eancias, entre outros.<\/p>\n<p style=\"text-align: center;\" align=\"center\">A gente ainda conta com a expertise de mais de 30 anos da equipe de consultoria e pesquisa da Cia de Talentos. Isso quer dizer que todas as informa\u00e7\u00f5es que disponibilizamos s\u00e3o confi\u00e1veis e modernas.<\/p>\n<p style=\"text-align: center;\" align=\"center\">Fazemos isso \u2013 e ainda mais \u2013 pra que voc\u00ea se desenvolva, compreenda as mudan\u00e7as que ocorrem no mercado de trabalho e tenha acesso \u00e0s informa\u00e7\u00f5es e dicas sobre as melhores vagas de programas de trainee e de est\u00e1gio.<\/p>\n<p style=\"text-align: center;\" align=\"center\">Tudo pra que voc\u00ea d\u00ea o <b>match<\/b> da carreira dos seus sonhos!<\/p>\n","protected":false},"excerpt":{"rendered":"<p>Sobre o Blog O blog.CT \u00e9 um canal de conte\u00fado da Cia de Talentos&hellip;<\/p>\n","protected":false},"author":4,"featured_media":1954,"parent":0,"menu_order":0,"comment_status":"closed","ping_status":"closed","template":"","meta":{"footnotes":""},"yoast_head":"<!-- This site is optimized with the Yoast SEO plugin v22.5 - https:\/\/yoast.com\/wordpress\/plugins\/seo\/ -->\n<title>Sobre o blog - Blog Cia de Talentos<\/title>\n<meta name=\"description\" content=\"O blog \u00e9 um canal de conte\u00fado que tem o objetivo de educar para a carreira a potencializar os talentos do mercado.\" \/>\n<meta name=\"robots\" content=\"index, follow, max-snippet:-1, max-image-preview:large, max-video-preview:-1\" \/>\n<link rel=\"canonical\" href=\"https:\/\/www.ciadetalentos.com.br\/blog\/sobre-o-blog\/\" \/>\n<meta property=\"og:locale\" content=\"pt_BR\" \/>\n<meta property=\"og:type\" content=\"article\" \/>\n<meta property=\"og:title\" content=\"Sobre o blog - Blog Cia de Talentos\" \/>\n<meta property=\"og:description\" content=\"O blog \u00e9 um canal de conte\u00fado que tem o objetivo de educar para a carreira a potencializar os talentos do mercado.\" \/>\n<meta property=\"og:url\" content=\"https:\/\/www.ciadetalentos.com.br\/blog\/sobre-o-blog\/\" \/>\n<meta property=\"og:site_name\" content=\"Blog Cia de Talentos\" \/>\n<meta property=\"article:modified_time\" content=\"2023-11-03T18:07:28+00:00\" \/>\n<meta property=\"og:image\" content=\"https:\/\/www.ciadetalentos.com.br\/blog\/wp-content\/uploads\/sites\/7\/2019\/06\/Banner-blog-cia-de-talentos-min.jpg\" \/>\n\t<meta property=\"og:image:width\" content=\"1440\" \/>\n\t<meta property=\"og:image:height\" content=\"468\" \/>\n\t<meta property=\"og:image:type\" content=\"image\/jpeg\" \/>\n<meta name=\"twitter:card\" content=\"summary_large_image\" \/>\n<meta name=\"twitter:label1\" content=\"Est. tempo de leitura\" \/>\n\t<meta name=\"twitter:data1\" content=\"2 minutos\" \/>\n<script type=\"application\/ld+json\" class=\"yoast-schema-graph\">{\"@context\":\"https:\/\/schema.org\",\"@graph\":[{\"@type\":\"WebPage\",\"@id\":\"https:\/\/www.ciadetalentos.com.br\/blog\/sobre-o-blog\/\",\"url\":\"https:\/\/www.ciadetalentos.com.br\/blog\/sobre-o-blog\/\",\"name\":\"Sobre o blog - Blog Cia de Talentos\",\"isPartOf\":{\"@id\":\"https:\/\/www.ciadetalentos.com.br\/blog\/#website\"},\"primaryImageOfPage\":{\"@id\":\"https:\/\/www.ciadetalentos.com.br\/blog\/sobre-o-blog\/#primaryimage\"},\"image\":{\"@id\":\"https:\/\/www.ciadetalentos.com.br\/blog\/sobre-o-blog\/#primaryimage\"},\"thumbnailUrl\":\"https:\/\/www.ciadetalentos.com.br\/blog\/wp-content\/uploads\/sites\/7\/2019\/06\/Banner-blog-cia-de-talentos-min.jpg\",\"datePublished\":\"2018-08-24T03:50:05+00:00\",\"dateModified\":\"2023-11-03T18:07:28+00:00\",\"description\":\"O blog \u00e9 um canal de conte\u00fado que tem o objetivo de educar para a carreira a potencializar os talentos do mercado.\",\"breadcrumb\":{\"@id\":\"https:\/\/www.ciadetalentos.com.br\/blog\/sobre-o-blog\/#breadcrumb\"},\"inLanguage\":\"pt-BR\",\"potentialAction\":[{\"@type\":\"ReadAction\",\"target\":[\"https:\/\/www.ciadetalentos.com.br\/blog\/sobre-o-blog\/\"]}]},{\"@type\":\"ImageObject\",\"inLanguage\":\"pt-BR\",\"@id\":\"https:\/\/www.ciadetalentos.com.br\/blog\/sobre-o-blog\/#primaryimage\",\"url\":\"https:\/\/www.ciadetalentos.com.br\/blog\/wp-content\/uploads\/sites\/7\/2019\/06\/Banner-blog-cia-de-talentos-min.jpg\",\"contentUrl\":\"https:\/\/www.ciadetalentos.com.br\/blog\/wp-content\/uploads\/sites\/7\/2019\/06\/Banner-blog-cia-de-talentos-min.jpg\",\"width\":1440,\"height\":468,\"caption\":\"Banner-blog-cia-de-talentos-min\"},{\"@type\":\"BreadcrumbList\",\"@id\":\"https:\/\/www.ciadetalentos.com.br\/blog\/sobre-o-blog\/#breadcrumb\",\"itemListElement\":[{\"@type\":\"ListItem\",\"position\":1,\"name\":\"Home\",\"item\":\"https:\/\/www.ciadetalentos.com.br\/blog\/\"},{\"@type\":\"ListItem\",\"position\":2,\"name\":\"Sobre o blog\"}]},{\"@type\":\"WebSite\",\"@id\":\"https:\/\/www.ciadetalentos.com.br\/blog\/#website\",\"url\":\"https:\/\/www.ciadetalentos.com.br\/blog\/\",\"name\":\"Blog Cia de Talentos\",\"description\":\"Descubra tudo o que voc\u00ea precisa para desenvolver carreiras e transformar sua vida profissional\",\"potentialAction\":[{\"@type\":\"SearchAction\",\"target\":{\"@type\":\"EntryPoint\",\"urlTemplate\":\"https:\/\/www.ciadetalentos.com.br\/blog\/?s={search_term_string}\"},\"query-input\":\"required name=search_term_string\"}],\"inLanguage\":\"pt-BR\"}]}<\/script>\n<!-- \/ Yoast SEO plugin. -->","yoast_head_json":{"title":"Sobre o blog - Blog Cia de Talentos","description":"O blog \u00e9 um canal de conte\u00fado que tem o objetivo de educar para a carreira a potencializar os talentos do mercado.","robots":{"index":"index","follow":"follow","max-snippet":"max-snippet:-1","max-image-preview":"max-image-preview:large","max-video-preview":"max-video-preview:-1"},"canonical":"https:\/\/www.ciadetalentos.com.br\/blog\/sobre-o-blog\/","og_locale":"pt_BR","og_type":"article","og_title":"Sobre o blog - Blog Cia de Talentos","og_description":"O blog \u00e9 um canal de conte\u00fado que tem o objetivo de educar para a carreira a potencializar os talentos do mercado.","og_url":"https:\/\/www.ciadetalentos.com.br\/blog\/sobre-o-blog\/","og_site_name":"Blog Cia de Talentos","article_modified_time":"2023-11-03T18:07:28+00:00","og_image":[{"width":1440,"height":468,"url":"https:\/\/www.ciadetalentos.com.br\/blog\/wp-content\/uploads\/sites\/7\/2019\/06\/Banner-blog-cia-de-talentos-min.jpg","type":"image\/jpeg"}],"twitter_card":"summary_large_image","twitter_misc":{"Est. tempo de leitura":"2 minutos"},"schema":{"@context":"https:\/\/schema.org","@graph":[{"@type":"WebPage","@id":"https:\/\/www.ciadetalentos.com.br\/blog\/sobre-o-blog\/","url":"https:\/\/www.ciadetalentos.com.br\/blog\/sobre-o-blog\/","name":"Sobre o blog - Blog Cia de Talentos","isPartOf":{"@id":"https:\/\/www.ciadetalentos.com.br\/blog\/#website"},"primaryImageOfPage":{"@id":"https:\/\/www.ciadetalentos.com.br\/blog\/sobre-o-blog\/#primaryimage"},"image":{"@id":"https:\/\/www.ciadetalentos.com.br\/blog\/sobre-o-blog\/#primaryimage"},"thumbnailUrl":"https:\/\/www.ciadetalentos.com.br\/blog\/wp-content\/uploads\/sites\/7\/2019\/06\/Banner-blog-cia-de-talentos-min.jpg","datePublished":"2018-08-24T03:50:05+00:00","dateModified":"2023-11-03T18:07:28+00:00","description":"O blog \u00e9 um canal de conte\u00fado que tem o objetivo de educar para a carreira a potencializar os talentos do mercado.","breadcrumb":{"@id":"https:\/\/www.ciadetalentos.com.br\/blog\/sobre-o-blog\/#breadcrumb"},"inLanguage":"pt-BR","potentialAction":[{"@type":"ReadAction","target":["https:\/\/www.ciadetalentos.com.br\/blog\/sobre-o-blog\/"]}]},{"@type":"ImageObject","inLanguage":"pt-BR","@id":"https:\/\/www.ciadetalentos.com.br\/blog\/sobre-o-blog\/#primaryimage","url":"https:\/\/www.ciadetalentos.com.br\/blog\/wp-content\/uploads\/sites\/7\/2019\/06\/Banner-blog-cia-de-talentos-min.jpg","contentUrl":"https:\/\/www.ciadetalentos.com.br\/blog\/wp-content\/uploads\/sites\/7\/2019\/06\/Banner-blog-cia-de-talentos-min.jpg","width":1440,"height":468,"caption":"Banner-blog-cia-de-talentos-min"},{"@type":"BreadcrumbList","@id":"https:\/\/www.ciadetalentos.com.br\/blog\/sobre-o-blog\/#breadcrumb","itemListElement":[{"@type":"ListItem","position":1,"name":"Home","item":"https:\/\/www.ciadetalentos.com.br\/blog\/"},{"@type":"ListItem","position":2,"name":"Sobre o blog"}]},{"@type":"WebSite","@id":"https:\/\/www.ciadetalentos.com.br\/blog\/#website","url":"https:\/\/www.ciadetalentos.com.br\/blog\/","name":"Blog Cia de Talentos","description":"Descubra tudo o que voc\u00ea precisa para desenvolver carreiras e transformar sua vida profissional","potentialAction":[{"@type":"SearchAction","target":{"@type":"EntryPoint","urlTemplate":"https:\/\/www.ciadetalentos.com.br\/blog\/?s={search_term_string}"},"query-input":"required name=search_term_string"}],"inLanguage":"pt-BR"}]}},"_links":{"self":[{"href":"https:\/\/www.ciadetalentos.com.br\/blog\/wp-json\/wp\/v2\/pages\/6"}],"collection":[{"href":"https:\/\/www.ciadetalentos.com.br\/blog\/wp-json\/wp\/v2\/pages"}],"about":[{"href":"https:\/\/www.ciadetalentos.com.br\/blog\/wp-json\/wp\/v2\/types\/page"}],"author":[{"embeddable":true,"href":"https:\/\/www.ciadetalentos.com.br\/blog\/wp-json\/wp\/v2\/users\/4"}],"replies":[{"embeddable":true,"href":"https:\/\/www.ciadetalentos.com.br\/blog\/wp-json\/wp\/v2\/comments?post=6"}],"version-history":[{"count":24,"href":"https:\/\/www.ciadetalentos.com.br\/blog\/wp-json\/wp\/v2\/pages\/6\/revisions"}],"predecessor-version":[{"id":5436,"href":"https:\/\/www.ciadetalentos.com.br\/blog\/wp-json\/wp\/v2\/pages\/6\/revisions\/5436"}],"wp:featuredmedia":[{"embeddable":true,"href":"https:\/\/www.ciadetalentos.com.br\/blog\/wp-json\/wp\/v2\/media\/1954"}],"wp:attachment":[{"href":"https:\/\/www.ciadetalentos.com.br\/blog\/wp-json\/wp\/v2\/media?parent=6"}],"curies":[{"name":"wp","href":"https:\/\/api.w.org\/{rel}","templated":true}]}}